{"id":342,"date":"2022-08-17T15:32:20","date_gmt":"2022-08-17T15:32:20","guid":{"rendered":"http:\/\/amplexchem.com\/\/about-amplex\/"},"modified":"2022-10-05T19:16:48","modified_gmt":"2022-10-05T19:16:48","slug":"about-amplex","status":"publish","type":"page","link":"https:\/\/amplexchem.com\/en\/about-amplex\/","title":{"rendered":"About Amplex"},"content":{"rendered":"[mk_page_section vertical_align=&#8221;top&#8221; bg_image=&#8221;http:\/\/amplexchem.com\/wp-content\/uploads\/2022\/09\/header-amplex-a-propos.jpg&#8221; bg_position=&#8221;center center&#8221; bg_repeat=&#8221;no-repeat&#8221; bg_stretch=&#8221;true&#8221; full_width=&#8221;true&#8221; padding_top=&#8221;0&#8243; padding_bottom=&#8221;0&#8243; el_class=&#8221;section-header&#8221; sidebar=&#8221;sidebar-1&#8243;][vc_column][\/vc_column][\/mk_page_section][vc_row fullwidth=&#8221;true&#8221; column_padding=&#8221;3&#8243; el_class=&#8221;test&#8221;][vc_column el_class=&#8221;row-center&#8221;][vc_empty_space height=&#8221;35px&#8221;][vc_row_inner is_fullwidth_content=&#8221;false&#8221;][vc_column_inner][vc_column_text css=&#8221;.vc_custom_1664997405881{margin-bottom: 0px !important;}&#8221;]\n<h1 style=\"text-align: center;\">About Us<\/h1>\n<p style=\"text-align: center;\">Founded in 1972, Amplex is a Canadian family company based in Pointe-Claire. We specialize in the distribution of a wide variety of chemical products for commercial, industrial and institutional purposes. With our extensive logistical experience, Amplex is a trustworthy, agile and attentive business partner.<\/p>\n<p style=\"text-align: center;\">In addition to sales and delivery services across Canada, our technical team and laboratory provide the necessary assistance to prepare mixtures tailored to your company\u2019s specific needs. We also provide packaging and labelling services for your private labels in various sizes.<\/p>\n<p style=\"text-align: center;\">Learn more about our <a class=\"link\" href=\"\/en\/amplex-services\/\">services<\/a>.<\/p>\n[\/vc_column_text][\/vc_column_inner][\/vc_row_inner][mk_padding_divider size=&#8221;110&#8243;][\/vc_column][\/vc_row]\n","protected":false},"excerpt":{"rendered":"<p>[mk_page_section vertical_align=&#8221;top&#8221; bg_image=&#8221;http:\/\/amplexchem.com\/wp-content\/uploads\/2022\/09\/header-amplex-a-propos.jpg&#8221; bg_position=&#8221;center center&#8221; bg_repeat=&#8221;no-repeat&#8221; bg_stretch=&#8221;true&#8221; full_width=&#8221;true&#8221; padding_top=&#8221;0&#8243; padding_bottom=&#8221;0&#8243; el_class=&#8221;section-header&#8221; sidebar=&#8221;sidebar-1&#8243;][vc_column][\/vc_column][\/mk_page_section][vc_row fullwidth=&#8221;true&#8221; column_padding=&#8221;3&#8243; el_class=&#8221;test&#8221;][vc_column el_class=&#8221;row-center&#8221;][vc_empty_space height=&#8221;35px&#8221;][vc_row_inner is_fullwidth_content=&#8221;false&#8221;][vc_column_inner][vc_column_text css=&#8221;.vc_custom_1664997405881{margin-bottom: 0px !important;}&#8221;] About Us Founded in 1972, Amplex is a Canadian family company based in Pointe-Claire. We specialize in the distribution of a wide variety of chemical products for commercial, industrial and institutional purposes. With our [&hellip;]<\/p>\n","protected":false},"author":1,"featured_media":0,"parent":0,"menu_order":0,"comment_status":"closed","ping_status":"closed","template":"","meta":{"_acf_changed":false,"rs_blank_template":"","rs_page_bg_color":"","slide_template_v7":"","footnotes":""},"class_list":["post-342","page","type-page","status-publish","hentry"],"acf":[],"yoast_head":"<!-- This site is optimized with the Yoast SEO plugin v27.6 - https:\/\/yoast.com\/product\/yoast-seo-wordpress\/ -->\n<title>About Amplex - Amplex<\/title>\n<meta name=\"description\" content=\"Amplex specializes in the sale and distribution of various chemical products for commercial, industrial, and institutional purposes.\" \/>\n<meta name=\"robots\" content=\"index, follow, max-snippet:-1, max-image-preview:large, max-video-preview:-1\" \/>\n<link rel=\"canonical\" href=\"https:\/\/amplexchem.com\/en\/about-amplex\/\" \/>\n<meta property=\"og:locale\" content=\"en_US\" \/>\n<meta property=\"og:type\" content=\"article\" \/>\n<meta property=\"og:title\" content=\"About Amplex - Amplex\" \/>\n<meta property=\"og:description\" content=\"Amplex specializes in the sale and distribution of various chemical products for commercial, industrial, and institutional purposes.\" \/>\n<meta property=\"og:url\" content=\"https:\/\/amplexchem.com\/en\/about-amplex\/\" \/>\n<meta property=\"og:site_name\" content=\"Amplex\" \/>\n<meta property=\"article:modified_time\" content=\"2022-10-05T19:16:48+00:00\" \/>\n<meta name=\"twitter:card\" content=\"summary_large_image\" \/>\n<meta name=\"twitter:label1\" content=\"Est. reading time\" \/>\n\t<meta name=\"twitter:data1\" content=\"1 minute\" \/>\n<script type=\"application\/ld+json\" class=\"yoast-schema-graph\">{\"@context\":\"https:\\\/\\\/schema.org\",\"@graph\":[{\"@type\":\"WebPage\",\"@id\":\"https:\\\/\\\/amplexchem.com\\\/en\\\/about-amplex\\\/\",\"url\":\"https:\\\/\\\/amplexchem.com\\\/en\\\/about-amplex\\\/\",\"name\":\"About Amplex - Amplex\",\"isPartOf\":{\"@id\":\"https:\\\/\\\/amplexchem.com\\\/#website\"},\"datePublished\":\"2022-08-17T15:32:20+00:00\",\"dateModified\":\"2022-10-05T19:16:48+00:00\",\"description\":\"Amplex specializes in the sale and distribution of various chemical products for commercial, industrial, and institutional purposes.\",\"breadcrumb\":{\"@id\":\"https:\\\/\\\/amplexchem.com\\\/en\\\/about-amplex\\\/#breadcrumb\"},\"inLanguage\":\"en-US\",\"potentialAction\":[{\"@type\":\"ReadAction\",\"target\":[\"https:\\\/\\\/amplexchem.com\\\/en\\\/about-amplex\\\/\"]}]},{\"@type\":\"BreadcrumbList\",\"@id\":\"https:\\\/\\\/amplexchem.com\\\/en\\\/about-amplex\\\/#breadcrumb\",\"itemListElement\":[{\"@type\":\"ListItem\",\"position\":1,\"name\":\"Home\",\"item\":\"https:\\\/\\\/amplexchem.com\\\/en\\\/\"},{\"@type\":\"ListItem\",\"position\":2,\"name\":\"About Amplex\"}]},{\"@type\":\"WebSite\",\"@id\":\"https:\\\/\\\/amplexchem.com\\\/#website\",\"url\":\"https:\\\/\\\/amplexchem.com\\\/\",\"name\":\"Amplex\",\"description\":\"Groupe Amplex-BGR-Regent est une entreprise familiale sp\u00e9cialis\u00e9e dans la distribution de produits chimiques certifi\u00e9s et de premi\u00e8re qualit\u00e9 depuis 1972.\",\"potentialAction\":[{\"@type\":\"SearchAction\",\"target\":{\"@type\":\"EntryPoint\",\"urlTemplate\":\"https:\\\/\\\/amplexchem.com\\\/?s={search_term_string}\"},\"query-input\":{\"@type\":\"PropertyValueSpecification\",\"valueRequired\":true,\"valueName\":\"search_term_string\"}}],\"inLanguage\":\"en-US\"}]}<\/script>\n<!-- \/ Yoast SEO plugin. -->","yoast_head_json":{"title":"About Amplex - Amplex","description":"Amplex specializes in the sale and distribution of various chemical products for commercial, industrial, and institutional purposes.","robots":{"index":"index","follow":"follow","max-snippet":"max-snippet:-1","max-image-preview":"max-image-preview:large","max-video-preview":"max-video-preview:-1"},"canonical":"https:\/\/amplexchem.com\/en\/about-amplex\/","og_locale":"en_US","og_type":"article","og_title":"About Amplex - Amplex","og_description":"Amplex specializes in the sale and distribution of various chemical products for commercial, industrial, and institutional purposes.","og_url":"https:\/\/amplexchem.com\/en\/about-amplex\/","og_site_name":"Amplex","article_modified_time":"2022-10-05T19:16:48+00:00","twitter_card":"summary_large_image","twitter_misc":{"Est. reading time":"1 minute"},"schema":{"@context":"https:\/\/schema.org","@graph":[{"@type":"WebPage","@id":"https:\/\/amplexchem.com\/en\/about-amplex\/","url":"https:\/\/amplexchem.com\/en\/about-amplex\/","name":"About Amplex - Amplex","isPartOf":{"@id":"https:\/\/amplexchem.com\/#website"},"datePublished":"2022-08-17T15:32:20+00:00","dateModified":"2022-10-05T19:16:48+00:00","description":"Amplex specializes in the sale and distribution of various chemical products for commercial, industrial, and institutional purposes.","breadcrumb":{"@id":"https:\/\/amplexchem.com\/en\/about-amplex\/#breadcrumb"},"inLanguage":"en-US","potentialAction":[{"@type":"ReadAction","target":["https:\/\/amplexchem.com\/en\/about-amplex\/"]}]},{"@type":"BreadcrumbList","@id":"https:\/\/amplexchem.com\/en\/about-amplex\/#breadcrumb","itemListElement":[{"@type":"ListItem","position":1,"name":"Home","item":"https:\/\/amplexchem.com\/en\/"},{"@type":"ListItem","position":2,"name":"About Amplex"}]},{"@type":"WebSite","@id":"https:\/\/amplexchem.com\/#website","url":"https:\/\/amplexchem.com\/","name":"Amplex","description":"Groupe Amplex-BGR-Regent est une entreprise familiale sp\u00e9cialis\u00e9e dans la distribution de produits chimiques certifi\u00e9s et de premi\u00e8re qualit\u00e9 depuis 1972.","potentialAction":[{"@type":"SearchAction","target":{"@type":"EntryPoint","urlTemplate":"https:\/\/amplexchem.com\/?s={search_term_string}"},"query-input":{"@type":"PropertyValueSpecification","valueRequired":true,"valueName":"search_term_string"}}],"inLanguage":"en-US"}]}},"_links":{"self":[{"href":"https:\/\/amplexchem.com\/en\/wp-json\/wp\/v2\/pages\/342","targetHints":{"allow":["GET"]}}],"collection":[{"href":"https:\/\/amplexchem.com\/en\/wp-json\/wp\/v2\/pages"}],"about":[{"href":"https:\/\/amplexchem.com\/en\/wp-json\/wp\/v2\/types\/page"}],"author":[{"embeddable":true,"href":"https:\/\/amplexchem.com\/en\/wp-json\/wp\/v2\/users\/1"}],"replies":[{"embeddable":true,"href":"https:\/\/amplexchem.com\/en\/wp-json\/wp\/v2\/comments?post=342"}],"version-history":[{"count":5,"href":"https:\/\/amplexchem.com\/en\/wp-json\/wp\/v2\/pages\/342\/revisions"}],"predecessor-version":[{"id":2381,"href":"https:\/\/amplexchem.com\/en\/wp-json\/wp\/v2\/pages\/342\/revisions\/2381"}],"wp:attachment":[{"href":"https:\/\/amplexchem.com\/en\/wp-json\/wp\/v2\/media?parent=342"}],"curies":[{"name":"wp","href":"https:\/\/api.w.org\/{rel}","templated":true}]}}