{"id":187,"date":"2022-08-15T16:39:02","date_gmt":"2022-08-15T16:39:02","guid":{"rendered":"http:\/\/amplexchem.com\/\/home\/"},"modified":"2022-10-06T21:21:49","modified_gmt":"2022-10-06T21:21:49","slug":"home","status":"publish","type":"page","link":"https:\/\/amplexchem.com\/en\/home\/","title":{"rendered":"Amplex"},"content":{"rendered":"[mk_page_section vertical_align=&#8221;top&#8221; bg_image=&#8221;http:\/\/amplexchem.com\/\/wp-content\/uploads\/2022\/08\/header-amplex-accueil.jpg&#8221; bg_position=&#8221;center center&#8221; bg_repeat=&#8221;no-repeat&#8221; bg_stretch=&#8221;true&#8221; full_width=&#8221;true&#8221; padding_top=&#8221;0&#8243; padding_bottom=&#8221;0&#8243; el_class=&#8221;section-header&#8221; sidebar=&#8221;sidebar-1&#8243;][vc_column][\/vc_column][\/mk_page_section][vc_row fullwidth=&#8221;true&#8221; column_padding=&#8221;3&#8243;][vc_column][vc_empty_space height=&#8221;35px&#8221;][vc_row_inner is_fullwidth_content=&#8221;false&#8221;][vc_column_inner][vc_column_text css=&#8221;.vc_custom_1664555104576{margin-bottom: 0px !important;}&#8221;]\n<h1 style=\"text-align: center;\">Amplex specializes in the distribution of a wide range of chemical products<\/h1>\n<h2 style=\"text-align: center;\">for commercial, industrial and institutional purposes.<\/h2>\n<p style=\"text-align: center;\">Amplex specializes in the distribution of a wide range of chemical products for commercial, industrial and institutional purposes. We supply premium chemical products that comply with current regulations of specific industries.<\/p>\n[\/vc_column_text][vc_empty_space height=&#8221;90px&#8221;][vc_btn title=&#8221;Learn more&#8221; align=&#8221;center&#8221; i_align=&#8221;right&#8221; i_icon_fontawesome=&#8221;fas fa-chevron-right&#8221; add_icon=&#8221;true&#8221; el_class=&#8221;btn&#8221; link=&#8221;url:%2Fen%2Fabout-amplex%2F|title:About%20Amplex&#8221;][\/vc_column_inner][\/vc_row_inner][vc_empty_space height=&#8221;125px&#8221; el_class=&#8221;hide-mobile&#8221;][vc_raw_html]PGRpdiBjbGFzcz0iaG9tZS1pbWctcmlnaHQiPjwvZGl2Pg==[\/vc_raw_html][vc_row_inner is_fullwidth_content=&#8221;false&#8221; el_class=&#8221;home-row&#8221;][vc_column_inner el_class=&#8221;service-card-left&#8221; width=&#8221;1\/2&#8243;][vc_single_image image=&#8221;50&#8243; img_size=&#8221;130&#215;110&#8243; alignment=&#8221;center&#8221; css_animation=&#8221;fadeInDown&#8221;][mk_padding_divider][vc_column_text animation=&#8221;fade-in&#8221; el_class=&#8221;content&#8221; css=&#8221;.vc_custom_1664555132071{margin-bottom: 0px !important;}&#8221;]\n<h2 style=\"text-align: center;\">The Amplex quality<\/h2>\n<p style=\"text-align: center;\">Amplex\u2019s operations and distributed products meet or exceed the demanding standards imposed by industries.<\/p>\n[\/vc_column_text][mk_padding_divider size=&#8221;30&#8243;][vc_btn title=&#8221;Learn more&#8221; align=&#8221;center&#8221; i_align=&#8221;right&#8221; i_icon_fontawesome=&#8221;fas fa-chevron-right&#8221; css_animation=&#8221;fadeIn&#8221; add_icon=&#8221;true&#8221; el_class=&#8221;btn&#8221; link=&#8221;url:%2Fen%2Fthe-amplex-quality%2F|title:The%20Amplex%20Quality&#8221;][\/vc_column_inner][vc_column_inner el_class=&#8221;service-card-right&#8221; width=&#8221;1\/2&#8243;][vc_single_image image=&#8221;48&#8243; img_size=&#8221;130&#215;110&#8243; alignment=&#8221;center&#8221; css_animation=&#8221;fadeInDown&#8221;][mk_padding_divider][vc_column_text animation=&#8221;fade-in&#8221; el_class=&#8221;content&#8221; css=&#8221;.vc_custom_1664905576860{margin-bottom: 0px !important;}&#8221;]\n<h2 style=\"text-align: center;\">Industries<\/h2>\n<p style=\"text-align: center;\">In addition to our many multipurpose products, Amplex provides chemical products for use in specific industries.<\/p>\n[\/vc_column_text][mk_padding_divider size=&#8221;30&#8243;][vc_btn title=&#8221;Learn more&#8221; align=&#8221;center&#8221; i_align=&#8221;right&#8221; i_icon_fontawesome=&#8221;fas fa-chevron-right&#8221; css_animation=&#8221;fadeIn&#8221; add_icon=&#8221;true&#8221; el_class=&#8221;btn&#8221; link=&#8221;url:%2Fen%2Famplex-services%2F|title:Amplex%20Services&#8221;][\/vc_column_inner][\/vc_row_inner][mk_padding_divider size=&#8221;160&#8243; visibility=&#8221;hidden-sm&#8221;][vc_row_inner is_fullwidth_content=&#8221;false&#8221; el_class=&#8221;home-row&#8221;][vc_column_inner el_class=&#8221;service-card-left&#8221; width=&#8221;1\/2&#8243;][vc_single_image image=&#8221;49&#8243; img_size=&#8221;130&#215;110&#8243; alignment=&#8221;center&#8221; css_animation=&#8221;fadeInDown&#8221;][mk_padding_divider][vc_column_text animation=&#8221;fade-in&#8221; el_class=&#8221;content&#8221; css=&#8221;.vc_custom_1664905421497{margin-bottom: 0px !important;}&#8221;]\n<h2 style=\"text-align: center;\">Product families<\/h2>\n<p style=\"text-align: center;\">Browse in our selection of products by family.<\/p>\n[\/vc_column_text][mk_padding_divider size=&#8221;30&#8243;][vc_btn title=&#8221;Learn more&#8221; align=&#8221;center&#8221; i_align=&#8221;right&#8221; i_icon_fontawesome=&#8221;fas fa-chevron-right&#8221; css_animation=&#8221;fadeIn&#8221; add_icon=&#8221;true&#8221; el_class=&#8221;btn&#8221; link=&#8221;url:%2Fen%2Famplex-product-families%2F|title:Amplex%20Product%20Families&#8221;][\/vc_column_inner][vc_column_inner el_class=&#8221;service-card-right&#8221; width=&#8221;1\/2&#8243;][vc_single_image image=&#8221;47&#8243; img_size=&#8221;130&#215;110&#8243; alignment=&#8221;center&#8221; css_animation=&#8221;fadeInDown&#8221;][mk_padding_divider][vc_column_text animation=&#8221;fade-in&#8221; el_class=&#8221;content&#8221; css=&#8221;.vc_custom_1664556780789{margin-bottom: 0px !important;}&#8221;]\n<h2 style=\"text-align: center;\">Services<\/h2>\n<p style=\"text-align: center;\">Amplex specializes in the sales and distribution of premium chemical products and offers customized services to companies.<\/p>\n[\/vc_column_text][mk_padding_divider size=&#8221;30&#8243;][vc_btn title=&#8221;Learn more&#8221; align=&#8221;center&#8221; i_align=&#8221;right&#8221; i_icon_fontawesome=&#8221;fas fa-chevron-right&#8221; css_animation=&#8221;fadeIn&#8221; add_icon=&#8221;true&#8221; el_class=&#8221;btn&#8221; link=&#8221;url:%2Fen%2Famplex-services%2F|title:Amplex%20Services&#8221;][\/vc_column_inner][\/vc_row_inner][vc_raw_html]PGRpdiBjbGFzcz0iaG9tZS1pbWctbGVmdCI+PC9kaXY+[\/vc_raw_html][mk_padding_divider size=&#8221;130&#8243;][\/vc_column][\/vc_row][vc_row fullwidth=&#8221;true&#8221; fullwidth_content=&#8221;false&#8221; css=&#8221;.vc_custom_1660704221652{background-color: #94931f !important;}&#8221;][vc_column el_class=&#8221;contact-bottom-section&#8221;][vc_btn title=&#8221;Contact us to learn more&#8221; align=&#8221;center&#8221; i_align=&#8221;right&#8221; i_icon_fontawesome=&#8221;fas fa-chevron-right&#8221; add_icon=&#8221;true&#8221; css=&#8221;.vc_custom_1665091307230{background-color: #94931f !important;}&#8221; el_class=&#8221;btn btn-bottom&#8221; link=&#8221;url:%2Fen%2Fcontact-amplex%2F|title:Contact&#8221;][\/vc_column][\/vc_row]\n","protected":false},"excerpt":{"rendered":"<p>[mk_page_section vertical_align=&#8221;top&#8221; bg_image=&#8221;http:\/\/amplexchem.com\/\/wp-content\/uploads\/2022\/08\/header-amplex-accueil.jpg&#8221; bg_position=&#8221;center center&#8221; bg_repeat=&#8221;no-repeat&#8221; bg_stretch=&#8221;true&#8221; full_width=&#8221;true&#8221; padding_top=&#8221;0&#8243; padding_bottom=&#8221;0&#8243; el_class=&#8221;section-header&#8221; sidebar=&#8221;sidebar-1&#8243;][vc_column][\/vc_column][\/mk_page_section][vc_row fullwidth=&#8221;true&#8221; column_padding=&#8221;3&#8243;][vc_column][vc_empty_space height=&#8221;35px&#8221;][vc_row_inner is_fullwidth_content=&#8221;false&#8221;][vc_column_inner][vc_column_text css=&#8221;.vc_custom_1664555104576{margin-bottom: 0px !important;}&#8221;] Amplex specializes in the distribution of a wide range of chemical products for commercial, industrial and institutional purposes. Amplex specializes in the distribution of a wide range of chemical products for commercial, industrial and institutional purposes. [&hellip;]<\/p>\n","protected":false},"author":1,"featured_media":0,"parent":0,"menu_order":0,"comment_status":"closed","ping_status":"closed","template":"","meta":{"_acf_changed":false,"rs_blank_template":"","rs_page_bg_color":"","slide_template_v7":"","footnotes":""},"class_list":["post-187","page","type-page","status-publish","hentry"],"acf":[],"yoast_head":"<!-- This site is optimized with the Yoast SEO plugin v27.5 - https:\/\/yoast.com\/product\/yoast-seo-wordpress\/ -->\n<title>Home | Amplex<\/title>\n<meta name=\"description\" content=\"Amplex specializes in the distribution of a wide range of chemical products for commercial, industrial and institutional purposes. We supply premium chemical products that comply with current regulations in specific industries.\" \/>\n<meta name=\"robots\" content=\"index, follow, max-snippet:-1, max-image-preview:large, max-video-preview:-1\" \/>\n<link rel=\"canonical\" href=\"https:\/\/amplexchem.com\/en\/home\/\" \/>\n<meta property=\"og:locale\" content=\"en_US\" \/>\n<meta property=\"og:type\" content=\"article\" \/>\n<meta property=\"og:title\" content=\"Home | Amplex\" \/>\n<meta property=\"og:description\" content=\"Amplex specializes in the distribution of a wide range of chemical products for commercial, industrial and institutional purposes. We supply premium chemical products that comply with current regulations in specific industries.\" \/>\n<meta property=\"og:url\" content=\"https:\/\/amplexchem.com\/en\/home\/\" \/>\n<meta property=\"og:site_name\" content=\"Amplex\" \/>\n<meta property=\"article:modified_time\" content=\"2022-10-06T21:21:49+00:00\" \/>\n<meta name=\"twitter:card\" content=\"summary_large_image\" \/>\n<meta name=\"twitter:label1\" content=\"Est. reading time\" \/>\n\t<meta name=\"twitter:data1\" content=\"2 minutes\" \/>\n<script type=\"application\/ld+json\" class=\"yoast-schema-graph\">{\"@context\":\"https:\\\/\\\/schema.org\",\"@graph\":[{\"@type\":\"WebPage\",\"@id\":\"https:\\\/\\\/amplexchem.com\\\/en\\\/home\\\/\",\"url\":\"https:\\\/\\\/amplexchem.com\\\/en\\\/home\\\/\",\"name\":\"Home | Amplex\",\"isPartOf\":{\"@id\":\"https:\\\/\\\/amplexchem.com\\\/#website\"},\"datePublished\":\"2022-08-15T16:39:02+00:00\",\"dateModified\":\"2022-10-06T21:21:49+00:00\",\"description\":\"Amplex specializes in the distribution of a wide range of chemical products for commercial, industrial and institutional purposes. We supply premium chemical products that comply with current regulations in specific industries.\",\"breadcrumb\":{\"@id\":\"https:\\\/\\\/amplexchem.com\\\/en\\\/home\\\/#breadcrumb\"},\"inLanguage\":\"en-US\",\"potentialAction\":[{\"@type\":\"ReadAction\",\"target\":[\"https:\\\/\\\/amplexchem.com\\\/en\\\/home\\\/\"]}]},{\"@type\":\"BreadcrumbList\",\"@id\":\"https:\\\/\\\/amplexchem.com\\\/en\\\/home\\\/#breadcrumb\",\"itemListElement\":[{\"@type\":\"ListItem\",\"position\":1,\"name\":\"Home\",\"item\":\"https:\\\/\\\/amplexchem.com\\\/en\\\/\"},{\"@type\":\"ListItem\",\"position\":2,\"name\":\"Amplex\"}]},{\"@type\":\"WebSite\",\"@id\":\"https:\\\/\\\/amplexchem.com\\\/#website\",\"url\":\"https:\\\/\\\/amplexchem.com\\\/\",\"name\":\"Amplex\",\"description\":\"Groupe Amplex-BGR-Regent est une entreprise familiale sp\u00e9cialis\u00e9e dans la distribution de produits chimiques certifi\u00e9s et de premi\u00e8re qualit\u00e9 depuis 1972.\",\"potentialAction\":[{\"@type\":\"SearchAction\",\"target\":{\"@type\":\"EntryPoint\",\"urlTemplate\":\"https:\\\/\\\/amplexchem.com\\\/?s={search_term_string}\"},\"query-input\":{\"@type\":\"PropertyValueSpecification\",\"valueRequired\":true,\"valueName\":\"search_term_string\"}}],\"inLanguage\":\"en-US\"}]}<\/script>\n<!-- \/ Yoast SEO plugin. -->","yoast_head_json":{"title":"Home | Amplex","description":"Amplex specializes in the distribution of a wide range of chemical products for commercial, industrial and institutional purposes. We supply premium chemical products that comply with current regulations in specific industries.","robots":{"index":"index","follow":"follow","max-snippet":"max-snippet:-1","max-image-preview":"max-image-preview:large","max-video-preview":"max-video-preview:-1"},"canonical":"https:\/\/amplexchem.com\/en\/home\/","og_locale":"en_US","og_type":"article","og_title":"Home | Amplex","og_description":"Amplex specializes in the distribution of a wide range of chemical products for commercial, industrial and institutional purposes. We supply premium chemical products that comply with current regulations in specific industries.","og_url":"https:\/\/amplexchem.com\/en\/home\/","og_site_name":"Amplex","article_modified_time":"2022-10-06T21:21:49+00:00","twitter_card":"summary_large_image","twitter_misc":{"Est. reading time":"2 minutes"},"schema":{"@context":"https:\/\/schema.org","@graph":[{"@type":"WebPage","@id":"https:\/\/amplexchem.com\/en\/home\/","url":"https:\/\/amplexchem.com\/en\/home\/","name":"Home | Amplex","isPartOf":{"@id":"https:\/\/amplexchem.com\/#website"},"datePublished":"2022-08-15T16:39:02+00:00","dateModified":"2022-10-06T21:21:49+00:00","description":"Amplex specializes in the distribution of a wide range of chemical products for commercial, industrial and institutional purposes. We supply premium chemical products that comply with current regulations in specific industries.","breadcrumb":{"@id":"https:\/\/amplexchem.com\/en\/home\/#breadcrumb"},"inLanguage":"en-US","potentialAction":[{"@type":"ReadAction","target":["https:\/\/amplexchem.com\/en\/home\/"]}]},{"@type":"BreadcrumbList","@id":"https:\/\/amplexchem.com\/en\/home\/#breadcrumb","itemListElement":[{"@type":"ListItem","position":1,"name":"Home","item":"https:\/\/amplexchem.com\/en\/"},{"@type":"ListItem","position":2,"name":"Amplex"}]},{"@type":"WebSite","@id":"https:\/\/amplexchem.com\/#website","url":"https:\/\/amplexchem.com\/","name":"Amplex","description":"Groupe Amplex-BGR-Regent est une entreprise familiale sp\u00e9cialis\u00e9e dans la distribution de produits chimiques certifi\u00e9s et de premi\u00e8re qualit\u00e9 depuis 1972.","potentialAction":[{"@type":"SearchAction","target":{"@type":"EntryPoint","urlTemplate":"https:\/\/amplexchem.com\/?s={search_term_string}"},"query-input":{"@type":"PropertyValueSpecification","valueRequired":true,"valueName":"search_term_string"}}],"inLanguage":"en-US"}]}},"_links":{"self":[{"href":"https:\/\/amplexchem.com\/en\/wp-json\/wp\/v2\/pages\/187","targetHints":{"allow":["GET"]}}],"collection":[{"href":"https:\/\/amplexchem.com\/en\/wp-json\/wp\/v2\/pages"}],"about":[{"href":"https:\/\/amplexchem.com\/en\/wp-json\/wp\/v2\/types\/page"}],"author":[{"embeddable":true,"href":"https:\/\/amplexchem.com\/en\/wp-json\/wp\/v2\/users\/1"}],"replies":[{"embeddable":true,"href":"https:\/\/amplexchem.com\/en\/wp-json\/wp\/v2\/comments?post=187"}],"version-history":[{"count":5,"href":"https:\/\/amplexchem.com\/en\/wp-json\/wp\/v2\/pages\/187\/revisions"}],"predecessor-version":[{"id":2394,"href":"https:\/\/amplexchem.com\/en\/wp-json\/wp\/v2\/pages\/187\/revisions\/2394"}],"wp:attachment":[{"href":"https:\/\/amplexchem.com\/en\/wp-json\/wp\/v2\/media?parent=187"}],"curies":[{"name":"wp","href":"https:\/\/api.w.org\/{rel}","templated":true}]}}