{"id":1045,"date":"2022-08-17T15:43:05","date_gmt":"2022-08-17T15:43:05","guid":{"rendered":"http:\/\/amplexchem.com\/\/amplex-product-families\/"},"modified":"2022-10-06T21:24:23","modified_gmt":"2022-10-06T21:24:23","slug":"amplex-product-families","status":"publish","type":"page","link":"https:\/\/amplexchem.com\/en\/amplex-product-families\/","title":{"rendered":"Amplex Product Families"},"content":{"rendered":"[mk_page_section vertical_align=&#8221;top&#8221; bg_image=&#8221;http:\/\/amplexchem.com\/\/wp-content\/uploads\/2022\/08\/header-amplex-produits.jpg&#8221; bg_position=&#8221;center center&#8221; bg_repeat=&#8221;no-repeat&#8221; bg_stretch=&#8221;true&#8221; full_width=&#8221;true&#8221; padding_top=&#8221;0&#8243; padding_bottom=&#8221;0&#8243; el_class=&#8221;section-header&#8221; sidebar=&#8221;sidebar-1&#8243;][vc_column][\/vc_column][\/mk_page_section][vc_row fullwidth=&#8221;true&#8221; column_padding=&#8221;3&#8243;][vc_column][vc_empty_space height=&#8221;35px&#8221;][vc_row_inner is_fullwidth_content=&#8221;false&#8221;][vc_column_inner][vc_column_text css=&#8221;.vc_custom_1664556908065{margin-bottom: 0px !important;}&#8221;]\n<h1 style=\"text-align: center;\">Product families<\/h1>\n<h2 style=\"text-align: center;\">Amplex distributes chemical products for a variety of industries.<\/h2>\n<p style=\"text-align: center;\">Browse in inventory and make your first selection based on your sector of operations.<\/p>\n[\/vc_column_text][vc_empty_space height=&#8221;70px&#8221;][vc_raw_html]JTVCc2VhcmNoYW5kZmlsdGVyJTIwaWQlM0QlMjIxNDk0JTIyJTVEJTBBJTVCc2VhcmNoYW5kZmlsdGVyJTIwaWQlM0QlMjIxNDk0JTIyJTIwc2hvdyUzRCUyMnJlc3VsdHMlMjIlNUQ=[\/vc_raw_html][\/vc_column_inner][\/vc_row_inner][mk_padding_divider size=&#8221;130&#8243;][\/vc_column][\/vc_row][vc_row fullwidth=&#8221;true&#8221; fullwidth_content=&#8221;false&#8221; css=&#8221;.vc_custom_1663809282983{background-color: #94931f !important;}&#8221;][vc_column el_class=&#8221;contact-bottom-section&#8221;][vc_btn title=&#8221;Contact us to learn more&#8221; align=&#8221;center&#8221; i_align=&#8221;right&#8221; i_icon_fontawesome=&#8221;fas fa-chevron-right&#8221; add_icon=&#8221;true&#8221; el_class=&#8221;btn btn-bottom&#8221; link=&#8221;url:%2Fen%2Fcontact-amplex%2F|title:Contact&#8221;][\/vc_column][\/vc_row]\n","protected":false},"excerpt":{"rendered":"<p>[mk_page_section vertical_align=&#8221;top&#8221; bg_image=&#8221;http:\/\/amplexchem.com\/\/wp-content\/uploads\/2022\/08\/header-amplex-produits.jpg&#8221; bg_position=&#8221;center center&#8221; bg_repeat=&#8221;no-repeat&#8221; bg_stretch=&#8221;true&#8221; full_width=&#8221;true&#8221; padding_top=&#8221;0&#8243; padding_bottom=&#8221;0&#8243; el_class=&#8221;section-header&#8221; sidebar=&#8221;sidebar-1&#8243;][vc_column][\/vc_column][\/mk_page_section][vc_row fullwidth=&#8221;true&#8221; column_padding=&#8221;3&#8243;][vc_column][vc_empty_space height=&#8221;35px&#8221;][vc_row_inner is_fullwidth_content=&#8221;false&#8221;][vc_column_inner][vc_column_text css=&#8221;.vc_custom_1664556908065{margin-bottom: 0px !important;}&#8221;] Product families Amplex distributes chemical products for a variety of industries. Browse in inventory and make your first selection based on your sector of operations. [\/vc_column_text][vc_empty_space height=&#8221;70px&#8221;][vc_raw_html]JTVCc2VhcmNoYW5kZmlsdGVyJTIwaWQlM0QlMjIxNDk0JTIyJTVEJTBBJTVCc2VhcmNoYW5kZmlsdGVyJTIwaWQlM0QlMjIxNDk0JTIyJTIwc2hvdyUzRCUyMnJlc3VsdHMlMjIlNUQ=[\/vc_raw_html][\/vc_column_inner][\/vc_row_inner][mk_padding_divider size=&#8221;130&#8243;][\/vc_column][\/vc_row][vc_row fullwidth=&#8221;true&#8221; fullwidth_content=&#8221;false&#8221; css=&#8221;.vc_custom_1663809282983{background-color: #94931f !important;}&#8221;][vc_column el_class=&#8221;contact-bottom-section&#8221;][vc_btn title=&#8221;Contact us [&hellip;]<\/p>\n","protected":false},"author":1,"featured_media":0,"parent":0,"menu_order":0,"comment_status":"closed","ping_status":"closed","template":"","meta":{"_acf_changed":false,"rs_blank_template":"","rs_page_bg_color":"","slide_template_v7":"","footnotes":""},"class_list":["post-1045","page","type-page","status-publish","hentry"],"acf":[],"yoast_head":"<!-- This site is optimized with the Yoast SEO plugin v27.4 - https:\/\/yoast.com\/product\/yoast-seo-wordpress\/ -->\n<title>Amplex | Product Families<\/title>\n<meta name=\"description\" content=\"Browse the wide range of Amplex products by family.\" \/>\n<meta name=\"robots\" content=\"index, follow, max-snippet:-1, max-image-preview:large, max-video-preview:-1\" \/>\n<link rel=\"canonical\" href=\"https:\/\/amplexchem.com\/en\/amplex-product-families\/\" \/>\n<meta property=\"og:locale\" content=\"en_US\" \/>\n<meta property=\"og:type\" content=\"article\" \/>\n<meta property=\"og:title\" content=\"Amplex | Product Families\" \/>\n<meta property=\"og:description\" content=\"Browse the wide range of Amplex products by family.\" \/>\n<meta property=\"og:url\" content=\"https:\/\/amplexchem.com\/en\/amplex-product-families\/\" \/>\n<meta property=\"og:site_name\" content=\"Amplex\" \/>\n<meta property=\"article:modified_time\" content=\"2022-10-06T21:24:23+00:00\" \/>\n<meta name=\"twitter:card\" content=\"summary_large_image\" \/>\n<meta name=\"twitter:label1\" content=\"Est. reading time\" \/>\n\t<meta name=\"twitter:data1\" content=\"1 minute\" \/>\n<script type=\"application\/ld+json\" class=\"yoast-schema-graph\">{\"@context\":\"https:\\\/\\\/schema.org\",\"@graph\":[{\"@type\":\"WebPage\",\"@id\":\"https:\\\/\\\/amplexchem.com\\\/en\\\/amplex-product-families\\\/\",\"url\":\"https:\\\/\\\/amplexchem.com\\\/en\\\/amplex-product-families\\\/\",\"name\":\"Amplex | Product Families\",\"isPartOf\":{\"@id\":\"https:\\\/\\\/amplexchem.com\\\/#website\"},\"datePublished\":\"2022-08-17T15:43:05+00:00\",\"dateModified\":\"2022-10-06T21:24:23+00:00\",\"description\":\"Browse the wide range of Amplex products by family.\",\"breadcrumb\":{\"@id\":\"https:\\\/\\\/amplexchem.com\\\/en\\\/amplex-product-families\\\/#breadcrumb\"},\"inLanguage\":\"en-US\",\"potentialAction\":[{\"@type\":\"ReadAction\",\"target\":[\"https:\\\/\\\/amplexchem.com\\\/en\\\/amplex-product-families\\\/\"]}]},{\"@type\":\"BreadcrumbList\",\"@id\":\"https:\\\/\\\/amplexchem.com\\\/en\\\/amplex-product-families\\\/#breadcrumb\",\"itemListElement\":[{\"@type\":\"ListItem\",\"position\":1,\"name\":\"Home\",\"item\":\"https:\\\/\\\/amplexchem.com\\\/en\\\/\"},{\"@type\":\"ListItem\",\"position\":2,\"name\":\"Amplex Product Families\"}]},{\"@type\":\"WebSite\",\"@id\":\"https:\\\/\\\/amplexchem.com\\\/#website\",\"url\":\"https:\\\/\\\/amplexchem.com\\\/\",\"name\":\"Amplex\",\"description\":\"Groupe Amplex-BGR-Regent est une entreprise familiale sp\u00e9cialis\u00e9e dans la distribution de produits chimiques certifi\u00e9s et de premi\u00e8re qualit\u00e9 depuis 1972.\",\"potentialAction\":[{\"@type\":\"SearchAction\",\"target\":{\"@type\":\"EntryPoint\",\"urlTemplate\":\"https:\\\/\\\/amplexchem.com\\\/?s={search_term_string}\"},\"query-input\":{\"@type\":\"PropertyValueSpecification\",\"valueRequired\":true,\"valueName\":\"search_term_string\"}}],\"inLanguage\":\"en-US\"}]}<\/script>\n<!-- \/ Yoast SEO plugin. -->","yoast_head_json":{"title":"Amplex | Product Families","description":"Browse the wide range of Amplex products by family.","robots":{"index":"index","follow":"follow","max-snippet":"max-snippet:-1","max-image-preview":"max-image-preview:large","max-video-preview":"max-video-preview:-1"},"canonical":"https:\/\/amplexchem.com\/en\/amplex-product-families\/","og_locale":"en_US","og_type":"article","og_title":"Amplex | Product Families","og_description":"Browse the wide range of Amplex products by family.","og_url":"https:\/\/amplexchem.com\/en\/amplex-product-families\/","og_site_name":"Amplex","article_modified_time":"2022-10-06T21:24:23+00:00","twitter_card":"summary_large_image","twitter_misc":{"Est. reading time":"1 minute"},"schema":{"@context":"https:\/\/schema.org","@graph":[{"@type":"WebPage","@id":"https:\/\/amplexchem.com\/en\/amplex-product-families\/","url":"https:\/\/amplexchem.com\/en\/amplex-product-families\/","name":"Amplex | Product Families","isPartOf":{"@id":"https:\/\/amplexchem.com\/#website"},"datePublished":"2022-08-17T15:43:05+00:00","dateModified":"2022-10-06T21:24:23+00:00","description":"Browse the wide range of Amplex products by family.","breadcrumb":{"@id":"https:\/\/amplexchem.com\/en\/amplex-product-families\/#breadcrumb"},"inLanguage":"en-US","potentialAction":[{"@type":"ReadAction","target":["https:\/\/amplexchem.com\/en\/amplex-product-families\/"]}]},{"@type":"BreadcrumbList","@id":"https:\/\/amplexchem.com\/en\/amplex-product-families\/#breadcrumb","itemListElement":[{"@type":"ListItem","position":1,"name":"Home","item":"https:\/\/amplexchem.com\/en\/"},{"@type":"ListItem","position":2,"name":"Amplex Product Families"}]},{"@type":"WebSite","@id":"https:\/\/amplexchem.com\/#website","url":"https:\/\/amplexchem.com\/","name":"Amplex","description":"Groupe Amplex-BGR-Regent est une entreprise familiale sp\u00e9cialis\u00e9e dans la distribution de produits chimiques certifi\u00e9s et de premi\u00e8re qualit\u00e9 depuis 1972.","potentialAction":[{"@type":"SearchAction","target":{"@type":"EntryPoint","urlTemplate":"https:\/\/amplexchem.com\/?s={search_term_string}"},"query-input":{"@type":"PropertyValueSpecification","valueRequired":true,"valueName":"search_term_string"}}],"inLanguage":"en-US"}]}},"_links":{"self":[{"href":"https:\/\/amplexchem.com\/en\/wp-json\/wp\/v2\/pages\/1045","targetHints":{"allow":["GET"]}}],"collection":[{"href":"https:\/\/amplexchem.com\/en\/wp-json\/wp\/v2\/pages"}],"about":[{"href":"https:\/\/amplexchem.com\/en\/wp-json\/wp\/v2\/types\/page"}],"author":[{"embeddable":true,"href":"https:\/\/amplexchem.com\/en\/wp-json\/wp\/v2\/users\/1"}],"replies":[{"embeddable":true,"href":"https:\/\/amplexchem.com\/en\/wp-json\/wp\/v2\/comments?post=1045"}],"version-history":[{"count":5,"href":"https:\/\/amplexchem.com\/en\/wp-json\/wp\/v2\/pages\/1045\/revisions"}],"predecessor-version":[{"id":2378,"href":"https:\/\/amplexchem.com\/en\/wp-json\/wp\/v2\/pages\/1045\/revisions\/2378"}],"wp:attachment":[{"href":"https:\/\/amplexchem.com\/en\/wp-json\/wp\/v2\/media?parent=1045"}],"curies":[{"name":"wp","href":"https:\/\/api.w.org\/{rel}","templated":true}]}}