{"id":1043,"date":"2022-08-17T15:42:05","date_gmt":"2022-08-17T15:42:05","guid":{"rendered":"http:\/\/amplexchem.com\/\/industries-served-by-amplex\/"},"modified":"2026-03-18T18:34:08","modified_gmt":"2026-03-18T18:34:08","slug":"industries-served-by-amplex","status":"publish","type":"page","link":"https:\/\/amplexchem.com\/en\/industries-served-by-amplex\/","title":{"rendered":"Industries Served by Amplex"},"content":{"rendered":"[mk_page_section vertical_align=&#8221;top&#8221; bg_position=&#8221;center center&#8221; bg_repeat=&#8221;no-repeat&#8221; bg_stretch=&#8221;true&#8221; full_width=&#8221;true&#8221; padding_top=&#8221;0&#8243; padding_bottom=&#8221;0&#8243; el_class=&#8221;section-header&#8221; sidebar=&#8221;sidebar-1&#8243;][vc_column][vc_raw_html]JTVCc3I3JTIwYWxpYXMlM0QlMjJzbGlkZXItMSUyMiU1RCU1QiUyRnNyNyU1RA==[\/vc_raw_html][\/vc_column][\/mk_page_section][vc_row fullwidth=&#8221;true&#8221; fullwidth_content=&#8221;false&#8221;][vc_column el_class=&#8221;contact-bottom-section&#8221;][vc_empty_space height=&#8221;35px&#8221;][vc_row_inner][vc_column_inner][vc_column_text css=&#8221;.vc_custom_1663680569434{margin-bottom: 0px !important;}&#8221;]\n<h1 style=\"text-align: center;\">Industries Served by Amplex<\/h1>\n<h2 style=\"text-align: center;\">Amplex distributes chemical products for a variety of industries.<\/h2>\n<p style=\"text-align: center;\">Browse our inventory and make your first selection based on your sector of operations.<\/p>\n[\/vc_column_text][vc_empty_space height=&#8221;45px&#8221;][\/vc_column_inner][\/vc_row_inner][vc_accordions style=&#8221;simple-style&#8221; action_style=&#8221;toggle-action&#8221; responsive=&#8221;false&#8221; el_class=&#8221;accordeon-industrie&#8221;][vc_accordion_tab title=&#8221;<\/p>\n<h3>Aerospace \/ Aeronautics and Automotive<\/h3>\n<p>Selection of technical and specialty products for the aerospace, aeronautical and automotive industries.&#8221;][vc_basic_grid post_type=&#8221;produits&#8221; max_items=&#8221;-1&#8243; style=&#8221;load-more&#8221; items_per_page=&#8221;12&#8243; element_width=&#8221;3&#8243; gap=&#8221;15&#8243; orderby=&#8221;title&#8221; order=&#8221;ASC&#8221; item=&#8221;1468&#8243; btn_title=&#8221;Show more&#8221; btn_color=&#8221;default&#8221; grid_id=&#8221;vc_gid:1773858803900-b92b0db9-3fb1-3&#8243; taxonomies=&#8221;17&#8243;][\/vc_accordion_tab][vc_accordion_tab title=&#8221;<\/p>\n<h3>Foods and beverages<\/h3>\n<p>Selection of acids and bases, food additives and specialized chemicals for the food industry.&#8221;][vc_basic_grid post_type=&#8221;produits&#8221; max_items=&#8221;-1&#8243; style=&#8221;load-more&#8221; items_per_page=&#8221;12&#8243; element_width=&#8221;3&#8243; gap=&#8221;15&#8243; orderby=&#8221;title&#8221; order=&#8221;ASC&#8221; item=&#8221;1468&#8243; btn_title=&#8221;Show more&#8221; btn_color=&#8221;default&#8221; grid_id=&#8221;vc_gid:1773858803901-dc201c1a-4ace-1&#8243; taxonomies=&#8221;16&#8243;][\/vc_accordion_tab][vc_accordion_tab title=&#8221;<\/p>\n<h3>Brulin<\/h3>\n<p>Selection of specialized Brulin products.&#8221;][vc_basic_grid post_type=&#8221;produits&#8221; max_items=&#8221;-1&#8243; style=&#8221;load-more&#8221; items_per_page=&#8221;12&#8243; element_width=&#8221;3&#8243; gap=&#8221;15&#8243; orderby=&#8221;title&#8221; order=&#8221;ASC&#8221; item=&#8221;1468&#8243; btn_title=&#8221;Show more&#8221; btn_color=&#8221;default&#8221; grid_id=&#8221;vc_gid:1773858803901-3bc183c6-8b23-1&#8243; taxonomies=&#8221;15&#8243;][\/vc_accordion_tab][vc_accordion_tab title=&#8221;<\/p>\n<h3>Cosmetics and pharmaceuticals<\/h3>\n<p>Selection of specialized products for the cosmetics and pharmaceutical industries.&#8221;][vc_basic_grid post_type=&#8221;produits&#8221; max_items=&#8221;-1&#8243; style=&#8221;load-more&#8221; items_per_page=&#8221;12&#8243; element_width=&#8221;3&#8243; gap=&#8221;15&#8243; orderby=&#8221;title&#8221; order=&#8221;ASC&#8221; item=&#8221;1468&#8243; btn_title=&#8221;Show more&#8221; btn_color=&#8221;default&#8221; grid_id=&#8221;vc_gid:1773858803901-a1e63c70-dc8e-4&#8243; taxonomies=&#8221;22&#8243;][\/vc_accordion_tab][vc_accordion_tab title=&#8221;<\/p>\n<h3>Industrial<\/h3>\n<p>Selection of specialized products for companies in industrial fields.&#8221;][vc_basic_grid post_type=&#8221;produits&#8221; max_items=&#8221;-1&#8243; style=&#8221;load-more&#8221; items_per_page=&#8221;12&#8243; element_width=&#8221;3&#8243; gap=&#8221;15&#8243; orderby=&#8221;title&#8221; order=&#8221;ASC&#8221; item=&#8221;1468&#8243; btn_title=&#8221;Show more&#8221; btn_color=&#8221;default&#8221; grid_id=&#8221;vc_gid:1773858803901-3efeba90-688f-5&#8243; taxonomies=&#8221;16&#8243;][\/vc_accordion_tab][vc_accordion_tab title=&#8221;<\/p>\n<h3>Industrial cleaners<\/h3>\n<p>Selection of industrial cleaning products.&#8221;][vc_basic_grid post_type=&#8221;produits&#8221; max_items=&#8221;-1&#8243; style=&#8221;load-more&#8221; items_per_page=&#8221;12&#8243; element_width=&#8221;3&#8243; gap=&#8221;15&#8243; orderby=&#8221;title&#8221; order=&#8221;ASC&#8221; item=&#8221;1468&#8243; btn_title=&#8221;Show more&#8221; btn_color=&#8221;default&#8221; grid_id=&#8221;vc_gid:1773858803901-97524ddf-addf-7&#8243; taxonomies=&#8221;14&#8243;][\/vc_accordion_tab][vc_accordion_tab title=&#8221;<\/p>\n<h3>Metal plating and processing<\/h3>\n<p>Selection of specialized products for metal plating and processing.&#8221;][vc_basic_grid post_type=&#8221;produits&#8221; max_items=&#8221;-1&#8243; style=&#8221;load-more&#8221; items_per_page=&#8221;12&#8243; element_width=&#8221;3&#8243; gap=&#8221;15&#8243; orderby=&#8221;title&#8221; order=&#8221;ASC&#8221; item=&#8221;1468&#8243; btn_title=&#8221;Show more&#8221; btn_color=&#8221;default&#8221; grid_id=&#8221;vc_gid:1773858803901-a438f171-450a-0&#8243; taxonomies=&#8221;20&#8243;][\/vc_accordion_tab][vc_accordion_tab title=&#8221;<\/p>\n<h3>Semiconductors<\/h3>\n<p>Selection of specialized solvents, acids, bases, and chemical products<br \/>\nfor the semiconductor manufacturing industry.&#8221;][vc_basic_grid post_type=&#8221;produits&#8221; max_items=&#8221;-1&#8243; style=&#8221;load-more&#8221; items_per_page=&#8221;12&#8243; element_width=&#8221;3&#8243; gap=&#8221;15&#8243; orderby=&#8221;title&#8221; order=&#8221;ASC&#8221; item=&#8221;1468&#8243; btn_title=&#8221;Show more&#8221; btn_color=&#8221;default&#8221; grid_id=&#8221;vc_gid:1773858803901-d8af0292-1a38-0&#8243; taxonomies=&#8221;18&#8243;][\/vc_accordion_tab][vc_accordion_tab title=&#8221;<\/p>\n<h3>Water and wastewater treatment<\/h3>\n<p>Selection of specialized products for the water and wastewater treatment industry.&#8221;][vc_basic_grid post_type=&#8221;produits&#8221; max_items=&#8221;-1&#8243; style=&#8221;load-more&#8221; items_per_page=&#8221;12&#8243; element_width=&#8221;3&#8243; gap=&#8221;15&#8243; orderby=&#8221;title&#8221; order=&#8221;ASC&#8221; item=&#8221;1468&#8243; btn_title=&#8221;Show more&#8221; btn_color=&#8221;default&#8221; grid_id=&#8221;vc_gid:1773858803901-5671f82e-9b99-6&#8243; taxonomies=&#8221;19&#8243;][\/vc_accordion_tab][\/vc_accordions][vc_empty_space height=&#8221;90px&#8221;][\/vc_column][\/vc_row][vc_row fullwidth=&#8221;true&#8221; fullwidth_content=&#8221;false&#8221; css=&#8221;.vc_custom_1661372587129{background-color: #94931f !important;}&#8221;][vc_column el_class=&#8221;contact-bottom-section&#8221;][vc_btn title=&#8221;Contact us to learn more&#8221; align=&#8221;center&#8221; i_align=&#8221;right&#8221; i_icon_fontawesome=&#8221;fas fa-chevron-right&#8221; add_icon=&#8221;true&#8221; css=&#8221;.vc_custom_1665091410773{background-color: #94931f !important;}&#8221; el_class=&#8221;btn btn-bottom&#8221; link=&#8221;url:%2Fen%2Fcontact-amplex%2F|title:Contact%20Amplex&#8221;][\/vc_column][\/vc_row]\n","protected":false},"excerpt":{"rendered":"<p>[mk_page_section vertical_align=&#8221;top&#8221; bg_position=&#8221;center center&#8221; bg_repeat=&#8221;no-repeat&#8221; bg_stretch=&#8221;true&#8221; full_width=&#8221;true&#8221; padding_top=&#8221;0&#8243; padding_bottom=&#8221;0&#8243; el_class=&#8221;section-header&#8221; sidebar=&#8221;sidebar-1&#8243;][vc_column][vc_raw_html]JTVCc3I3JTIwYWxpYXMlM0QlMjJzbGlkZXItMSUyMiU1RCU1QiUyRnNyNyU1RA==[\/vc_raw_html][\/vc_column][\/mk_page_section][vc_row fullwidth=&#8221;true&#8221; fullwidth_content=&#8221;false&#8221;][vc_column el_class=&#8221;contact-bottom-section&#8221;][vc_empty_space height=&#8221;35px&#8221;][vc_row_inner][vc_column_inner][vc_column_text css=&#8221;.vc_custom_1663680569434{margin-bottom: 0px !important;}&#8221;] Industries Served by Amplex Amplex distributes chemical products for a variety of industries. Browse our inventory and make your first selection based on your sector of operations. [\/vc_column_text][vc_empty_space height=&#8221;45px&#8221;][\/vc_column_inner][\/vc_row_inner][vc_accordions style=&#8221;simple-style&#8221; action_style=&#8221;toggle-action&#8221; responsive=&#8221;false&#8221; el_class=&#8221;accordeon-industrie&#8221;][vc_accordion_tab title=&#8221; Aerospace \/ Aeronautics [&hellip;]<\/p>\n","protected":false},"author":1,"featured_media":0,"parent":0,"menu_order":0,"comment_status":"closed","ping_status":"closed","template":"","meta":{"_acf_changed":false,"rs_blank_template":"","rs_page_bg_color":"","slide_template_v7":"","footnotes":""},"class_list":["post-1043","page","type-page","status-publish","hentry"],"acf":[],"yoast_head":"<!-- This site is optimized with the Yoast SEO plugin v27.4 - https:\/\/yoast.com\/product\/yoast-seo-wordpress\/ -->\n<title>Industries Served by Amplex - Amplex<\/title>\n<meta name=\"description\" content=\"Amplex sells and distributes specialized and multipurpose chemical products.\" \/>\n<meta name=\"robots\" content=\"index, follow, max-snippet:-1, max-image-preview:large, max-video-preview:-1\" \/>\n<link rel=\"canonical\" href=\"https:\/\/amplexchem.com\/en\/industries-served-by-amplex\/\" \/>\n<meta property=\"og:locale\" content=\"en_US\" \/>\n<meta property=\"og:type\" content=\"article\" \/>\n<meta property=\"og:title\" content=\"Industries Served by Amplex - Amplex\" \/>\n<meta property=\"og:description\" content=\"Amplex sells and distributes specialized and multipurpose chemical products.\" \/>\n<meta property=\"og:url\" content=\"https:\/\/amplexchem.com\/en\/industries-served-by-amplex\/\" \/>\n<meta property=\"og:site_name\" content=\"Amplex\" \/>\n<meta property=\"article:modified_time\" content=\"2026-03-18T18:34:08+00:00\" \/>\n<meta name=\"twitter:card\" content=\"summary_large_image\" \/>\n<meta name=\"twitter:label1\" content=\"Est. reading time\" \/>\n\t<meta name=\"twitter:data1\" content=\"2 minutes\" \/>\n<script type=\"application\/ld+json\" class=\"yoast-schema-graph\">{\"@context\":\"https:\\\/\\\/schema.org\",\"@graph\":[{\"@type\":\"WebPage\",\"@id\":\"https:\\\/\\\/amplexchem.com\\\/en\\\/industries-served-by-amplex\\\/\",\"url\":\"https:\\\/\\\/amplexchem.com\\\/en\\\/industries-served-by-amplex\\\/\",\"name\":\"Industries Served by Amplex - Amplex\",\"isPartOf\":{\"@id\":\"https:\\\/\\\/amplexchem.com\\\/#website\"},\"datePublished\":\"2022-08-17T15:42:05+00:00\",\"dateModified\":\"2026-03-18T18:34:08+00:00\",\"description\":\"Amplex sells and distributes specialized and multipurpose chemical products.\",\"breadcrumb\":{\"@id\":\"https:\\\/\\\/amplexchem.com\\\/en\\\/industries-served-by-amplex\\\/#breadcrumb\"},\"inLanguage\":\"en-US\",\"potentialAction\":[{\"@type\":\"ReadAction\",\"target\":[\"https:\\\/\\\/amplexchem.com\\\/en\\\/industries-served-by-amplex\\\/\"]}]},{\"@type\":\"BreadcrumbList\",\"@id\":\"https:\\\/\\\/amplexchem.com\\\/en\\\/industries-served-by-amplex\\\/#breadcrumb\",\"itemListElement\":[{\"@type\":\"ListItem\",\"position\":1,\"name\":\"Home\",\"item\":\"https:\\\/\\\/amplexchem.com\\\/en\\\/\"},{\"@type\":\"ListItem\",\"position\":2,\"name\":\"Industries Served by Amplex\"}]},{\"@type\":\"WebSite\",\"@id\":\"https:\\\/\\\/amplexchem.com\\\/#website\",\"url\":\"https:\\\/\\\/amplexchem.com\\\/\",\"name\":\"Amplex\",\"description\":\"Groupe Amplex-BGR-Regent est une entreprise familiale sp\u00e9cialis\u00e9e dans la distribution de produits chimiques certifi\u00e9s et de premi\u00e8re qualit\u00e9 depuis 1972.\",\"potentialAction\":[{\"@type\":\"SearchAction\",\"target\":{\"@type\":\"EntryPoint\",\"urlTemplate\":\"https:\\\/\\\/amplexchem.com\\\/?s={search_term_string}\"},\"query-input\":{\"@type\":\"PropertyValueSpecification\",\"valueRequired\":true,\"valueName\":\"search_term_string\"}}],\"inLanguage\":\"en-US\"}]}<\/script>\n<!-- \/ Yoast SEO plugin. -->","yoast_head_json":{"title":"Industries Served by Amplex - Amplex","description":"Amplex sells and distributes specialized and multipurpose chemical products.","robots":{"index":"index","follow":"follow","max-snippet":"max-snippet:-1","max-image-preview":"max-image-preview:large","max-video-preview":"max-video-preview:-1"},"canonical":"https:\/\/amplexchem.com\/en\/industries-served-by-amplex\/","og_locale":"en_US","og_type":"article","og_title":"Industries Served by Amplex - Amplex","og_description":"Amplex sells and distributes specialized and multipurpose chemical products.","og_url":"https:\/\/amplexchem.com\/en\/industries-served-by-amplex\/","og_site_name":"Amplex","article_modified_time":"2026-03-18T18:34:08+00:00","twitter_card":"summary_large_image","twitter_misc":{"Est. reading time":"2 minutes"},"schema":{"@context":"https:\/\/schema.org","@graph":[{"@type":"WebPage","@id":"https:\/\/amplexchem.com\/en\/industries-served-by-amplex\/","url":"https:\/\/amplexchem.com\/en\/industries-served-by-amplex\/","name":"Industries Served by Amplex - Amplex","isPartOf":{"@id":"https:\/\/amplexchem.com\/#website"},"datePublished":"2022-08-17T15:42:05+00:00","dateModified":"2026-03-18T18:34:08+00:00","description":"Amplex sells and distributes specialized and multipurpose chemical products.","breadcrumb":{"@id":"https:\/\/amplexchem.com\/en\/industries-served-by-amplex\/#breadcrumb"},"inLanguage":"en-US","potentialAction":[{"@type":"ReadAction","target":["https:\/\/amplexchem.com\/en\/industries-served-by-amplex\/"]}]},{"@type":"BreadcrumbList","@id":"https:\/\/amplexchem.com\/en\/industries-served-by-amplex\/#breadcrumb","itemListElement":[{"@type":"ListItem","position":1,"name":"Home","item":"https:\/\/amplexchem.com\/en\/"},{"@type":"ListItem","position":2,"name":"Industries Served by Amplex"}]},{"@type":"WebSite","@id":"https:\/\/amplexchem.com\/#website","url":"https:\/\/amplexchem.com\/","name":"Amplex","description":"Groupe Amplex-BGR-Regent est une entreprise familiale sp\u00e9cialis\u00e9e dans la distribution de produits chimiques certifi\u00e9s et de premi\u00e8re qualit\u00e9 depuis 1972.","potentialAction":[{"@type":"SearchAction","target":{"@type":"EntryPoint","urlTemplate":"https:\/\/amplexchem.com\/?s={search_term_string}"},"query-input":{"@type":"PropertyValueSpecification","valueRequired":true,"valueName":"search_term_string"}}],"inLanguage":"en-US"}]}},"_links":{"self":[{"href":"https:\/\/amplexchem.com\/en\/wp-json\/wp\/v2\/pages\/1043","targetHints":{"allow":["GET"]}}],"collection":[{"href":"https:\/\/amplexchem.com\/en\/wp-json\/wp\/v2\/pages"}],"about":[{"href":"https:\/\/amplexchem.com\/en\/wp-json\/wp\/v2\/types\/page"}],"author":[{"embeddable":true,"href":"https:\/\/amplexchem.com\/en\/wp-json\/wp\/v2\/users\/1"}],"replies":[{"embeddable":true,"href":"https:\/\/amplexchem.com\/en\/wp-json\/wp\/v2\/comments?post=1043"}],"version-history":[{"count":6,"href":"https:\/\/amplexchem.com\/en\/wp-json\/wp\/v2\/pages\/1043\/revisions"}],"predecessor-version":[{"id":5840,"href":"https:\/\/amplexchem.com\/en\/wp-json\/wp\/v2\/pages\/1043\/revisions\/5840"}],"wp:attachment":[{"href":"https:\/\/amplexchem.com\/en\/wp-json\/wp\/v2\/media?parent=1043"}],"curies":[{"name":"wp","href":"https:\/\/api.w.org\/{rel}","templated":true}]}}